{"id":1938,"date":"2024-02-19T12:40:50","date_gmt":"2024-02-19T12:40:50","guid":{"rendered":"https:\/\/camp-barinica.com\/apartments\/"},"modified":"2025-01-13T09:17:37","modified_gmt":"2025-01-13T09:17:37","slug":"apartamenty-robert","status":"publish","type":"page","link":"https:\/\/camp-barinica.com\/pl\/apartamenty-robert\/","title":{"rendered":"Apartamenty Robert"},"content":{"rendered":"","protected":false},"excerpt":{"rendered":"","protected":false},"author":1,"featured_media":0,"parent":0,"menu_order":0,"comment_status":"closed","ping_status":"closed","template":"","meta":{"_acf_changed":false,"slim_seo":{"title":"Apartamenty Robert - Primo\u0161ten- niesamowity widok na morze","description":"Apartamenty ROBERT po\u0142o\u017cone s\u0105 4 km od Primo\u0161ten i 20 km od \u0160ibenik. Ka\u017cdy apartament posiada du\u017cy taras z fantastycznym widokiem na otwarte morze.","facebook_image":"https:\/\/camp-barinica.com\/wp-content\/uploads\/apartments-robert-apartment-4-fb.jpg"}},"class_list":["post-1938","page","type-page","status-publish","hentry"],"acf":[],"_links":{"self":[{"href":"https:\/\/camp-barinica.com\/pl\/wp-json\/wp\/v2\/pages\/1938","targetHints":{"allow":["GET"]}}],"collection":[{"href":"https:\/\/camp-barinica.com\/pl\/wp-json\/wp\/v2\/pages"}],"about":[{"href":"https:\/\/camp-barinica.com\/pl\/wp-json\/wp\/v2\/types\/page"}],"author":[{"embeddable":true,"href":"https:\/\/camp-barinica.com\/pl\/wp-json\/wp\/v2\/users\/1"}],"replies":[{"embeddable":true,"href":"https:\/\/camp-barinica.com\/pl\/wp-json\/wp\/v2\/comments?post=1938"}],"version-history":[{"count":9,"href":"https:\/\/camp-barinica.com\/pl\/wp-json\/wp\/v2\/pages\/1938\/revisions"}],"predecessor-version":[{"id":2283,"href":"https:\/\/camp-barinica.com\/pl\/wp-json\/wp\/v2\/pages\/1938\/revisions\/2283"}],"wp:attachment":[{"href":"https:\/\/camp-barinica.com\/pl\/wp-json\/wp\/v2\/media?parent=1938"}],"curies":[{"name":"wp","href":"https:\/\/api.w.org\/{rel}","templated":true}]}}