{"id":1915,"date":"2024-04-17T11:35:30","date_gmt":"2024-04-17T11:35:30","guid":{"rendered":"https:\/\/camp-barinica.com\/apartment-3\/"},"modified":"2025-01-19T20:25:25","modified_gmt":"2025-01-19T20:25:25","slug":"apartament-3","status":"publish","type":"page","link":"https:\/\/camp-barinica.com\/pl\/apartamenty-robert\/apartament-3\/","title":{"rendered":"Apartament 3"},"content":{"rendered":"","protected":false},"excerpt":{"rendered":"","protected":false},"author":1,"featured_media":0,"parent":1938,"menu_order":0,"comment_status":"closed","ping_status":"closed","template":"","meta":{"_acf_changed":false,"slim_seo":{"title":"Apartament 3 - Apartamenty Robert - Primo\u0161ten Bilo","description":"Apartament mo\u017ce pomie\u015bci\u0107 5 os\u00f3b i jest wyposa\u017cony we wszystko, czego potrzebujesz, aby cieszy\u0107 si\u0119 wakacjami z zapieraj\u0105cym dech w piersiach widokiem na morze","facebook_image":"https:\/\/camp-barinica.com\/wp-content\/uploads\/apartments-robert-apartment-3-fb.jpg"}},"class_list":["post-1915","page","type-page","status-publish","hentry"],"acf":[],"_links":{"self":[{"href":"https:\/\/camp-barinica.com\/pl\/wp-json\/wp\/v2\/pages\/1915","targetHints":{"allow":["GET"]}}],"collection":[{"href":"https:\/\/camp-barinica.com\/pl\/wp-json\/wp\/v2\/pages"}],"about":[{"href":"https:\/\/camp-barinica.com\/pl\/wp-json\/wp\/v2\/types\/page"}],"author":[{"embeddable":true,"href":"https:\/\/camp-barinica.com\/pl\/wp-json\/wp\/v2\/users\/1"}],"replies":[{"embeddable":true,"href":"https:\/\/camp-barinica.com\/pl\/wp-json\/wp\/v2\/comments?post=1915"}],"version-history":[{"count":7,"href":"https:\/\/camp-barinica.com\/pl\/wp-json\/wp\/v2\/pages\/1915\/revisions"}],"predecessor-version":[{"id":2368,"href":"https:\/\/camp-barinica.com\/pl\/wp-json\/wp\/v2\/pages\/1915\/revisions\/2368"}],"up":[{"embeddable":true,"href":"https:\/\/camp-barinica.com\/pl\/wp-json\/wp\/v2\/pages\/1938"}],"wp:attachment":[{"href":"https:\/\/camp-barinica.com\/pl\/wp-json\/wp\/v2\/media?parent=1915"}],"curies":[{"name":"wp","href":"https:\/\/api.w.org\/{rel}","templated":true}]}}