{"id":1899,"date":"2024-03-04T18:03:27","date_gmt":"2024-03-04T18:03:27","guid":{"rendered":"https:\/\/camp-barinica.com\/apartment-1\/"},"modified":"2024-06-10T10:03:10","modified_gmt":"2024-06-10T10:03:10","slug":"apartament-1","status":"publish","type":"page","link":"https:\/\/camp-barinica.com\/pl\/apartamenty-robert\/apartament-1\/","title":{"rendered":"Apartament 1"},"content":{"rendered":"","protected":false},"excerpt":{"rendered":"","protected":false},"author":1,"featured_media":0,"parent":1938,"menu_order":0,"comment_status":"closed","ping_status":"closed","template":"","meta":{"_acf_changed":false,"slim_seo":{"title":"Apartament 1 - Apartamenty Robert - Primo\u0161ten Bilo","description":"Apartament mo\u017ce pomie\u015bci\u0107 4 osoby+1 i Jest wyposa\u017cony we wszystko, czego potrzebujesz, aby cieszy\u0107 si\u0119 wakacjami z zapieraj\u0105cym dech w piersiach widokiem na morze.","facebook_image":"https:\/\/camp-barinica.com\/wp-content\/uploads\/apartments-robert-apartment-1-fb.jpg"}},"class_list":["post-1899","page","type-page","status-publish","hentry"],"acf":[],"_links":{"self":[{"href":"https:\/\/camp-barinica.com\/pl\/wp-json\/wp\/v2\/pages\/1899","targetHints":{"allow":["GET"]}}],"collection":[{"href":"https:\/\/camp-barinica.com\/pl\/wp-json\/wp\/v2\/pages"}],"about":[{"href":"https:\/\/camp-barinica.com\/pl\/wp-json\/wp\/v2\/types\/page"}],"author":[{"embeddable":true,"href":"https:\/\/camp-barinica.com\/pl\/wp-json\/wp\/v2\/users\/1"}],"replies":[{"embeddable":true,"href":"https:\/\/camp-barinica.com\/pl\/wp-json\/wp\/v2\/comments?post=1899"}],"version-history":[{"count":3,"href":"https:\/\/camp-barinica.com\/pl\/wp-json\/wp\/v2\/pages\/1899\/revisions"}],"predecessor-version":[{"id":1904,"href":"https:\/\/camp-barinica.com\/pl\/wp-json\/wp\/v2\/pages\/1899\/revisions\/1904"}],"up":[{"embeddable":true,"href":"https:\/\/camp-barinica.com\/pl\/wp-json\/wp\/v2\/pages\/1938"}],"wp:attachment":[{"href":"https:\/\/camp-barinica.com\/pl\/wp-json\/wp\/v2\/media?parent=1899"}],"curies":[{"name":"wp","href":"https:\/\/api.w.org\/{rel}","templated":true}]}}