{"id":1892,"date":"2024-02-19T12:40:33","date_gmt":"2024-02-19T12:40:33","guid":{"rendered":"https:\/\/camp-barinica.com\/price-list\/"},"modified":"2026-02-24T12:07:09","modified_gmt":"2026-02-24T12:07:09","slug":"cennik","status":"publish","type":"page","link":"https:\/\/camp-barinica.com\/pl\/cennik\/","title":{"rendered":"Cennik"},"content":{"rendered":"","protected":false},"excerpt":{"rendered":"","protected":false},"author":1,"featured_media":0,"parent":0,"menu_order":0,"comment_status":"closed","ping_status":"closed","template":"","meta":{"_acf_changed":false,"slim_seo":{"title":"Cennik - Kemping Barinica - Primo\u0161ten","description":"Sprawd\u017a nasze przyst\u0119pne ceny i zaplanuj wakacje w Camp Barinica, Primo\u0161ten.","facebook_image":"https:\/\/camp-barinica.com\/wp-content\/uploads\/camp-barinica-fb.jpg"}},"class_list":["post-1892","page","type-page","status-publish","hentry"],"acf":[],"_links":{"self":[{"href":"https:\/\/camp-barinica.com\/pl\/wp-json\/wp\/v2\/pages\/1892","targetHints":{"allow":["GET"]}}],"collection":[{"href":"https:\/\/camp-barinica.com\/pl\/wp-json\/wp\/v2\/pages"}],"about":[{"href":"https:\/\/camp-barinica.com\/pl\/wp-json\/wp\/v2\/types\/page"}],"author":[{"embeddable":true,"href":"https:\/\/camp-barinica.com\/pl\/wp-json\/wp\/v2\/users\/1"}],"replies":[{"embeddable":true,"href":"https:\/\/camp-barinica.com\/pl\/wp-json\/wp\/v2\/comments?post=1892"}],"version-history":[{"count":5,"href":"https:\/\/camp-barinica.com\/pl\/wp-json\/wp\/v2\/pages\/1892\/revisions"}],"predecessor-version":[{"id":2415,"href":"https:\/\/camp-barinica.com\/pl\/wp-json\/wp\/v2\/pages\/1892\/revisions\/2415"}],"wp:attachment":[{"href":"https:\/\/camp-barinica.com\/pl\/wp-json\/wp\/v2\/media?parent=1892"}],"curies":[{"name":"wp","href":"https:\/\/api.w.org\/{rel}","templated":true}]}}