{"id":1887,"date":"2024-02-19T12:40:20","date_gmt":"2024-02-19T12:40:20","guid":{"rendered":"https:\/\/camp-barinica.com\/photo-gallery\/"},"modified":"2024-06-10T10:01:02","modified_gmt":"2024-06-10T10:01:02","slug":"galeria-zdjec","status":"publish","type":"page","link":"https:\/\/camp-barinica.com\/pl\/galeria-zdjec\/","title":{"rendered":"Galeria zdj\u0119\u0107"},"content":{"rendered":"","protected":false},"excerpt":{"rendered":"","protected":false},"author":1,"featured_media":0,"parent":0,"menu_order":0,"comment_status":"closed","ping_status":"closed","template":"","meta":{"_acf_changed":false,"slim_seo":{"title":"Galeria zdj\u0119\u0107 - Kemping Barinica - Primo\u0161ten","description":"Zapraszamy do galerii zdj\u0119\u0107 i poczuj nasz\u0105 autentyczn\u0105 atmosfer\u0119 i magiczne zachody s\u0142o\u0144ca w Camp Barinica.","facebook_image":"https:\/\/camp-barinica.com\/wp-content\/uploads\/camp-barinica-fb.jpg"}},"class_list":["post-1887","page","type-page","status-publish","hentry"],"acf":[],"_links":{"self":[{"href":"https:\/\/camp-barinica.com\/pl\/wp-json\/wp\/v2\/pages\/1887","targetHints":{"allow":["GET"]}}],"collection":[{"href":"https:\/\/camp-barinica.com\/pl\/wp-json\/wp\/v2\/pages"}],"about":[{"href":"https:\/\/camp-barinica.com\/pl\/wp-json\/wp\/v2\/types\/page"}],"author":[{"embeddable":true,"href":"https:\/\/camp-barinica.com\/pl\/wp-json\/wp\/v2\/users\/1"}],"replies":[{"embeddable":true,"href":"https:\/\/camp-barinica.com\/pl\/wp-json\/wp\/v2\/comments?post=1887"}],"version-history":[{"count":3,"href":"https:\/\/camp-barinica.com\/pl\/wp-json\/wp\/v2\/pages\/1887\/revisions"}],"predecessor-version":[{"id":2129,"href":"https:\/\/camp-barinica.com\/pl\/wp-json\/wp\/v2\/pages\/1887\/revisions\/2129"}],"wp:attachment":[{"href":"https:\/\/camp-barinica.com\/pl\/wp-json\/wp\/v2\/media?parent=1887"}],"curies":[{"name":"wp","href":"https:\/\/api.w.org\/{rel}","templated":true}]}}