{"id":1851,"date":"2024-02-19T12:39:56","date_gmt":"2024-02-19T12:39:56","guid":{"rendered":"https:\/\/camp-barinica.com\/home\/"},"modified":"2026-02-24T12:02:04","modified_gmt":"2026-02-24T12:02:04","slug":"home","status":"publish","type":"page","link":"https:\/\/camp-barinica.com\/pl\/","title":{"rendered":"Kemping Barinica"},"content":{"rendered":"","protected":false},"excerpt":{"rendered":"","protected":false},"author":1,"featured_media":0,"parent":0,"menu_order":0,"comment_status":"closed","ping_status":"closed","template":"","meta":{"_acf_changed":false,"slim_seo":{"title":"Kemping Barinica - Primo\u0161ten - w cieniu sosen","description":"Ma\u0142y rodzinny oboz po\u0142o\u017cony w cieniu sosen, tu\u017c nad wspania\u0142ym morzem o szmaragdowej barwie. Zosta\u0144 cz\u0119\u015bci\u0105 naszej Rodziny a ud\u011blejte si skv\u011blou dovolenou.","facebook_image":"https:\/\/camp-barinica.com\/wp-content\/uploads\/camp-barinica-fb.jpg"}},"class_list":["post-1851","page","type-page","status-publish","hentry"],"acf":[],"_links":{"self":[{"href":"https:\/\/camp-barinica.com\/pl\/wp-json\/wp\/v2\/pages\/1851","targetHints":{"allow":["GET"]}}],"collection":[{"href":"https:\/\/camp-barinica.com\/pl\/wp-json\/wp\/v2\/pages"}],"about":[{"href":"https:\/\/camp-barinica.com\/pl\/wp-json\/wp\/v2\/types\/page"}],"author":[{"embeddable":true,"href":"https:\/\/camp-barinica.com\/pl\/wp-json\/wp\/v2\/users\/1"}],"replies":[{"embeddable":true,"href":"https:\/\/camp-barinica.com\/pl\/wp-json\/wp\/v2\/comments?post=1851"}],"version-history":[{"count":22,"href":"https:\/\/camp-barinica.com\/pl\/wp-json\/wp\/v2\/pages\/1851\/revisions"}],"predecessor-version":[{"id":2411,"href":"https:\/\/camp-barinica.com\/pl\/wp-json\/wp\/v2\/pages\/1851\/revisions\/2411"}],"wp:attachment":[{"href":"https:\/\/camp-barinica.com\/pl\/wp-json\/wp\/v2\/media?parent=1851"}],"curies":[{"name":"wp","href":"https:\/\/api.w.org\/{rel}","templated":true}]}}