{"id":1841,"date":"2024-04-11T08:19:22","date_gmt":"2024-04-11T08:19:22","guid":{"rendered":"https:\/\/camp-barinica.com\/apartments-contact\/"},"modified":"2026-02-24T12:35:14","modified_gmt":"2026-02-24T12:35:14","slug":"apartamenty-kontakt","status":"publish","type":"page","link":"https:\/\/camp-barinica.com\/pl\/apartamenty-robert\/apartamenty-kontakt\/","title":{"rendered":"Apartamenty Kontakt"},"content":{"rendered":"","protected":false},"excerpt":{"rendered":"","protected":false},"author":1,"featured_media":0,"parent":1938,"menu_order":0,"comment_status":"closed","ping_status":"closed","template":"","meta":{"_acf_changed":false,"slim_seo":{"title":"Kontakt i rezerwacja - Apartamenty Robert - Primo\u0161ten Bilo","description":"Skontaktuj si\u0119 z nami i zarezerwuj wymarzone wakacje z zapieraj\u0105cym dech w widokiem na morze w Apartments Robert, Primo\u0161ten. Skontaktujemy si\u0119 z Tob\u0105 jak najszybciej."}},"class_list":["post-1841","page","type-page","status-publish","hentry"],"acf":[],"_links":{"self":[{"href":"https:\/\/camp-barinica.com\/pl\/wp-json\/wp\/v2\/pages\/1841","targetHints":{"allow":["GET"]}}],"collection":[{"href":"https:\/\/camp-barinica.com\/pl\/wp-json\/wp\/v2\/pages"}],"about":[{"href":"https:\/\/camp-barinica.com\/pl\/wp-json\/wp\/v2\/types\/page"}],"author":[{"embeddable":true,"href":"https:\/\/camp-barinica.com\/pl\/wp-json\/wp\/v2\/users\/1"}],"replies":[{"embeddable":true,"href":"https:\/\/camp-barinica.com\/pl\/wp-json\/wp\/v2\/comments?post=1841"}],"version-history":[{"count":7,"href":"https:\/\/camp-barinica.com\/pl\/wp-json\/wp\/v2\/pages\/1841\/revisions"}],"predecessor-version":[{"id":2431,"href":"https:\/\/camp-barinica.com\/pl\/wp-json\/wp\/v2\/pages\/1841\/revisions\/2431"}],"up":[{"embeddable":true,"href":"https:\/\/camp-barinica.com\/pl\/wp-json\/wp\/v2\/pages\/1938"}],"wp:attachment":[{"href":"https:\/\/camp-barinica.com\/pl\/wp-json\/wp\/v2\/media?parent=1841"}],"curies":[{"name":"wp","href":"https:\/\/api.w.org\/{rel}","templated":true}]}}