{"id":1780,"date":"2024-02-19T12:40:50","date_gmt":"2024-02-19T12:40:50","guid":{"rendered":"https:\/\/camp-barinica.com\/apartments\/"},"modified":"2024-06-17T15:40:42","modified_gmt":"2024-06-17T15:40:42","slug":"apartments-robert","status":"publish","type":"page","link":"https:\/\/camp-barinica.com\/de\/apartments-robert\/","title":{"rendered":"Apartments Robert"},"content":{"rendered":"","protected":false},"excerpt":{"rendered":"","protected":false},"author":1,"featured_media":0,"parent":0,"menu_order":0,"comment_status":"closed","ping_status":"closed","template":"","meta":{"_acf_changed":false,"slim_seo":{"title":"Apartments Robert - Primo\u0161ten Bilo - erstaunlich Meerblick","description":"Apartments Robert befinden sich 20 km von \u0160ibenik und 4 km weit von Primo\u0161ten entfernt. Jede Wohnung bietet einen wundersch\u00f6nen Blick auf das offene Meer.","facebook_image":"https:\/\/camp-barinica.com\/wp-content\/uploads\/apartments-robert-apartment-4-fb.jpg"}},"class_list":["post-1780","page","type-page","status-publish","hentry"],"acf":[],"_links":{"self":[{"href":"https:\/\/camp-barinica.com\/de\/wp-json\/wp\/v2\/pages\/1780","targetHints":{"allow":["GET"]}}],"collection":[{"href":"https:\/\/camp-barinica.com\/de\/wp-json\/wp\/v2\/pages"}],"about":[{"href":"https:\/\/camp-barinica.com\/de\/wp-json\/wp\/v2\/types\/page"}],"author":[{"embeddable":true,"href":"https:\/\/camp-barinica.com\/de\/wp-json\/wp\/v2\/users\/1"}],"replies":[{"embeddable":true,"href":"https:\/\/camp-barinica.com\/de\/wp-json\/wp\/v2\/comments?post=1780"}],"version-history":[{"count":8,"href":"https:\/\/camp-barinica.com\/de\/wp-json\/wp\/v2\/pages\/1780\/revisions"}],"predecessor-version":[{"id":2278,"href":"https:\/\/camp-barinica.com\/de\/wp-json\/wp\/v2\/pages\/1780\/revisions\/2278"}],"wp:attachment":[{"href":"https:\/\/camp-barinica.com\/de\/wp-json\/wp\/v2\/media?parent=1780"}],"curies":[{"name":"wp","href":"https:\/\/api.w.org\/{rel}","templated":true}]}}