{"id":1691,"date":"2024-03-04T18:03:27","date_gmt":"2024-03-04T18:03:27","guid":{"rendered":"https:\/\/camp-barinica.com\/apartment-1\/"},"modified":"2025-01-19T21:02:16","modified_gmt":"2025-01-19T21:02:16","slug":"apartment-1","status":"publish","type":"page","link":"https:\/\/camp-barinica.com\/de\/apartments-robert\/apartment-1\/","title":{"rendered":"Apartment 1"},"content":{"rendered":"","protected":false},"excerpt":{"rendered":"","protected":false},"author":1,"featured_media":0,"parent":1780,"menu_order":0,"comment_status":"closed","ping_status":"closed","template":"","meta":{"_acf_changed":false,"slim_seo":{"title":"Apartment 1 - Apartments Robert - Primo\u0161ten Bilo","description":"Mit Kapazit\u00e4t f\u00fcr 4+1 Personen und herrlichen Panoramablick auf das Meer, das Apartment hat alles, was Sie f\u00fcr einen reibungslosen Urlaub brauchen.","facebook_image":"https:\/\/camp-barinica.com\/wp-content\/uploads\/apartments-robert-apartment-1-fb.jpg"}},"class_list":["post-1691","page","type-page","status-publish","hentry"],"acf":[],"_links":{"self":[{"href":"https:\/\/camp-barinica.com\/de\/wp-json\/wp\/v2\/pages\/1691","targetHints":{"allow":["GET"]}}],"collection":[{"href":"https:\/\/camp-barinica.com\/de\/wp-json\/wp\/v2\/pages"}],"about":[{"href":"https:\/\/camp-barinica.com\/de\/wp-json\/wp\/v2\/types\/page"}],"author":[{"embeddable":true,"href":"https:\/\/camp-barinica.com\/de\/wp-json\/wp\/v2\/users\/1"}],"replies":[{"embeddable":true,"href":"https:\/\/camp-barinica.com\/de\/wp-json\/wp\/v2\/comments?post=1691"}],"version-history":[{"count":6,"href":"https:\/\/camp-barinica.com\/de\/wp-json\/wp\/v2\/pages\/1691\/revisions"}],"predecessor-version":[{"id":2378,"href":"https:\/\/camp-barinica.com\/de\/wp-json\/wp\/v2\/pages\/1691\/revisions\/2378"}],"up":[{"embeddable":true,"href":"https:\/\/camp-barinica.com\/de\/wp-json\/wp\/v2\/pages\/1780"}],"wp:attachment":[{"href":"https:\/\/camp-barinica.com\/de\/wp-json\/wp\/v2\/media?parent=1691"}],"curies":[{"name":"wp","href":"https:\/\/api.w.org\/{rel}","templated":true}]}}