{"id":2028,"date":"2024-02-19T12:40:50","date_gmt":"2024-02-19T12:40:50","guid":{"rendered":"https:\/\/camp-barinica.com\/apartments\/"},"modified":"2025-01-19T21:10:35","modified_gmt":"2025-01-19T21:10:35","slug":"apartmany-robert","status":"publish","type":"page","link":"https:\/\/camp-barinica.com\/cs\/apartmany-robert\/","title":{"rendered":"Apartm\u00e1ny Robert"},"content":{"rendered":"","protected":false},"excerpt":{"rendered":"","protected":false},"author":1,"featured_media":0,"parent":0,"menu_order":0,"comment_status":"closed","ping_status":"closed","template":"","meta":{"_acf_changed":false,"slim_seo":{"title":"Apartm\u00e1ny Robert - Primo\u0161ten Bilo - \u00fachvatn\u00fd v\u00fdhled na mo\u0159e","description":"4 km od Primo\u0161tena a 20 km od \u0160ibenika. Ka\u017ed\u00fd apartm\u00e1n disponuje velkou terasou, ze kter\u00e9 je mo\u017en\u00e9 u\u017e\u00edvat si dech berouc\u00ed v\u00fdhled na otev\u0159en\u00e9 mo\u0159e.","facebook_image":"https:\/\/camp-barinica.com\/wp-content\/uploads\/apartments-robert-apartment-4-fb.jpg"}},"class_list":["post-2028","page","type-page","status-publish","hentry"],"acf":[],"_links":{"self":[{"href":"https:\/\/camp-barinica.com\/cs\/wp-json\/wp\/v2\/pages\/2028","targetHints":{"allow":["GET"]}}],"collection":[{"href":"https:\/\/camp-barinica.com\/cs\/wp-json\/wp\/v2\/pages"}],"about":[{"href":"https:\/\/camp-barinica.com\/cs\/wp-json\/wp\/v2\/types\/page"}],"author":[{"embeddable":true,"href":"https:\/\/camp-barinica.com\/cs\/wp-json\/wp\/v2\/users\/1"}],"replies":[{"embeddable":true,"href":"https:\/\/camp-barinica.com\/cs\/wp-json\/wp\/v2\/comments?post=2028"}],"version-history":[{"count":8,"href":"https:\/\/camp-barinica.com\/cs\/wp-json\/wp\/v2\/pages\/2028\/revisions"}],"predecessor-version":[{"id":2382,"href":"https:\/\/camp-barinica.com\/cs\/wp-json\/wp\/v2\/pages\/2028\/revisions\/2382"}],"wp:attachment":[{"href":"https:\/\/camp-barinica.com\/cs\/wp-json\/wp\/v2\/media?parent=2028"}],"curies":[{"name":"wp","href":"https:\/\/api.w.org\/{rel}","templated":true}]}}