{"id":2022,"date":"2024-04-17T14:45:39","date_gmt":"2024-04-17T14:45:39","guid":{"rendered":"https:\/\/camp-barinica.com\/apartment-5\/"},"modified":"2024-06-12T08:58:04","modified_gmt":"2024-06-12T08:58:04","slug":"apartman-5","status":"publish","type":"page","link":"https:\/\/camp-barinica.com\/cs\/apartmany-robert\/apartman-5\/","title":{"rendered":"Apartm\u00e1n 5"},"content":{"rendered":"","protected":false},"excerpt":{"rendered":"","protected":false},"author":1,"featured_media":0,"parent":2028,"menu_order":0,"comment_status":"closed","ping_status":"closed","template":"","meta":{"_acf_changed":false,"slim_seo":{"title":"Apartm\u00e1n 5 - Apartm\u00e1ny Robert - Primo\u0161ten Bilo","description":"S kapacitou pro 4+2 osob, byt je vybaven v\u0161\u00edm, co pot\u0159ebujete, aby si svou dovolenou sn\u016f s magick\u00fdm \u00fachvatn\u00fdm v\u00fdhledem na mo\u0159e.","facebook_image":"https:\/\/camp-barinica.com\/wp-content\/uploads\/apartments-robert-apartment-5-fb.jpg"}},"class_list":["post-2022","page","type-page","status-publish","hentry"],"acf":[],"_links":{"self":[{"href":"https:\/\/camp-barinica.com\/cs\/wp-json\/wp\/v2\/pages\/2022","targetHints":{"allow":["GET"]}}],"collection":[{"href":"https:\/\/camp-barinica.com\/cs\/wp-json\/wp\/v2\/pages"}],"about":[{"href":"https:\/\/camp-barinica.com\/cs\/wp-json\/wp\/v2\/types\/page"}],"author":[{"embeddable":true,"href":"https:\/\/camp-barinica.com\/cs\/wp-json\/wp\/v2\/users\/1"}],"replies":[{"embeddable":true,"href":"https:\/\/camp-barinica.com\/cs\/wp-json\/wp\/v2\/comments?post=2022"}],"version-history":[{"count":3,"href":"https:\/\/camp-barinica.com\/cs\/wp-json\/wp\/v2\/pages\/2022\/revisions"}],"predecessor-version":[{"id":2262,"href":"https:\/\/camp-barinica.com\/cs\/wp-json\/wp\/v2\/pages\/2022\/revisions\/2262"}],"up":[{"embeddable":true,"href":"https:\/\/camp-barinica.com\/cs\/wp-json\/wp\/v2\/pages\/2028"}],"wp:attachment":[{"href":"https:\/\/camp-barinica.com\/cs\/wp-json\/wp\/v2\/media?parent=2022"}],"curies":[{"name":"wp","href":"https:\/\/api.w.org\/{rel}","templated":true}]}}