{"id":2004,"date":"2024-04-17T11:35:30","date_gmt":"2024-04-17T11:35:30","guid":{"rendered":"https:\/\/camp-barinica.com\/apartment-3\/"},"modified":"2025-01-19T20:23:58","modified_gmt":"2025-01-19T20:23:58","slug":"apartman-3","status":"publish","type":"page","link":"https:\/\/camp-barinica.com\/cs\/apartmany-robert\/apartman-3\/","title":{"rendered":"Apartm\u00e1n 3"},"content":{"rendered":"","protected":false},"excerpt":{"rendered":"","protected":false},"author":1,"featured_media":0,"parent":2028,"menu_order":0,"comment_status":"closed","ping_status":"closed","template":"","meta":{"_acf_changed":false,"slim_seo":{"title":"Apartm\u00e1n 3 - Apartm\u00e1ny Robert - Primo\u0161ten Bilo","description":"S kapacitou pro 5 osob, byt je vybaven v\u0161\u00edm, co pot\u0159ebujete, aby si svou dovolenou sn\u016f s magick\u00fdm \u00fachvatn\u00fdm v\u00fdhledem na mo\u0159e.","facebook_image":"https:\/\/camp-barinica.com\/wp-content\/uploads\/apartments-robert-apartment-3-fb.jpg"}},"class_list":["post-2004","page","type-page","status-publish","hentry"],"acf":[],"_links":{"self":[{"href":"https:\/\/camp-barinica.com\/cs\/wp-json\/wp\/v2\/pages\/2004","targetHints":{"allow":["GET"]}}],"collection":[{"href":"https:\/\/camp-barinica.com\/cs\/wp-json\/wp\/v2\/pages"}],"about":[{"href":"https:\/\/camp-barinica.com\/cs\/wp-json\/wp\/v2\/types\/page"}],"author":[{"embeddable":true,"href":"https:\/\/camp-barinica.com\/cs\/wp-json\/wp\/v2\/users\/1"}],"replies":[{"embeddable":true,"href":"https:\/\/camp-barinica.com\/cs\/wp-json\/wp\/v2\/comments?post=2004"}],"version-history":[{"count":6,"href":"https:\/\/camp-barinica.com\/cs\/wp-json\/wp\/v2\/pages\/2004\/revisions"}],"predecessor-version":[{"id":2366,"href":"https:\/\/camp-barinica.com\/cs\/wp-json\/wp\/v2\/pages\/2004\/revisions\/2366"}],"up":[{"embeddable":true,"href":"https:\/\/camp-barinica.com\/cs\/wp-json\/wp\/v2\/pages\/2028"}],"wp:attachment":[{"href":"https:\/\/camp-barinica.com\/cs\/wp-json\/wp\/v2\/media?parent=2004"}],"curies":[{"name":"wp","href":"https:\/\/api.w.org\/{rel}","templated":true}]}}