{"id":1980,"date":"2024-02-19T12:40:33","date_gmt":"2024-02-19T12:40:33","guid":{"rendered":"https:\/\/camp-barinica.com\/price-list\/"},"modified":"2026-02-24T12:04:20","modified_gmt":"2026-02-24T12:04:20","slug":"ceny","status":"publish","type":"page","link":"https:\/\/camp-barinica.com\/cs\/ceny\/","title":{"rendered":"Ceny"},"content":{"rendered":"","protected":false},"excerpt":{"rendered":"","protected":false},"author":1,"featured_media":0,"parent":0,"menu_order":0,"comment_status":"closed","ping_status":"closed","template":"","meta":{"_acf_changed":false,"slim_seo":{"title":"Ceny - Camp Barinica - Primo\u0161ten","description":"Pod\u00edvejte se na na\u0161e cenov\u011b dostupn\u00e9 ceny a napl\u00e1nujte si dovolenou v Camp Barinica, Primo\u0161ten.","facebook_image":"https:\/\/camp-barinica.com\/wp-content\/uploads\/camp-barinica-fb.jpg"}},"class_list":["post-1980","page","type-page","status-publish","hentry"],"acf":[],"_links":{"self":[{"href":"https:\/\/camp-barinica.com\/cs\/wp-json\/wp\/v2\/pages\/1980","targetHints":{"allow":["GET"]}}],"collection":[{"href":"https:\/\/camp-barinica.com\/cs\/wp-json\/wp\/v2\/pages"}],"about":[{"href":"https:\/\/camp-barinica.com\/cs\/wp-json\/wp\/v2\/types\/page"}],"author":[{"embeddable":true,"href":"https:\/\/camp-barinica.com\/cs\/wp-json\/wp\/v2\/users\/1"}],"replies":[{"embeddable":true,"href":"https:\/\/camp-barinica.com\/cs\/wp-json\/wp\/v2\/comments?post=1980"}],"version-history":[{"count":6,"href":"https:\/\/camp-barinica.com\/cs\/wp-json\/wp\/v2\/pages\/1980\/revisions"}],"predecessor-version":[{"id":2413,"href":"https:\/\/camp-barinica.com\/cs\/wp-json\/wp\/v2\/pages\/1980\/revisions\/2413"}],"wp:attachment":[{"href":"https:\/\/camp-barinica.com\/cs\/wp-json\/wp\/v2\/media?parent=1980"}],"curies":[{"name":"wp","href":"https:\/\/api.w.org\/{rel}","templated":true}]}}