{"id":1969,"date":"2024-02-19T12:39:56","date_gmt":"2024-02-19T12:39:56","guid":{"rendered":"https:\/\/camp-barinica.com\/home\/"},"modified":"2026-02-24T11:59:29","modified_gmt":"2026-02-24T11:59:29","slug":"home","status":"publish","type":"page","link":"https:\/\/camp-barinica.com\/cs\/","title":{"rendered":"Kemp Barinica"},"content":{"rendered":"","protected":false},"excerpt":{"rendered":"","protected":false},"author":1,"featured_media":0,"parent":0,"menu_order":0,"comment_status":"closed","ping_status":"closed","template":"","meta":{"_acf_changed":false,"slim_seo":{"title":"Camp Barinica - Primo\u0161ten - ve st\u00ednu borovic","description":"Mal\u00fd rodinn\u00fd kemp ve st\u00ednu borovic, p\u0159\u00edmo u pr\u016fzra\u010dn\u011b \u010dist\u00e9ho mo\u0159e. Sta\u0148te se sou\u010d\u00e1st\u00ed na\u0161\u00ed rodiny a u\u017eijte si skv\u011blou dovolenou.","facebook_image":"https:\/\/camp-barinica.com\/wp-content\/uploads\/camp-barinica-fb.jpg"}},"class_list":["post-1969","page","type-page","status-publish","hentry"],"acf":[],"_links":{"self":[{"href":"https:\/\/camp-barinica.com\/cs\/wp-json\/wp\/v2\/pages\/1969","targetHints":{"allow":["GET"]}}],"collection":[{"href":"https:\/\/camp-barinica.com\/cs\/wp-json\/wp\/v2\/pages"}],"about":[{"href":"https:\/\/camp-barinica.com\/cs\/wp-json\/wp\/v2\/types\/page"}],"author":[{"embeddable":true,"href":"https:\/\/camp-barinica.com\/cs\/wp-json\/wp\/v2\/users\/1"}],"replies":[{"embeddable":true,"href":"https:\/\/camp-barinica.com\/cs\/wp-json\/wp\/v2\/comments?post=1969"}],"version-history":[{"count":15,"href":"https:\/\/camp-barinica.com\/cs\/wp-json\/wp\/v2\/pages\/1969\/revisions"}],"predecessor-version":[{"id":2409,"href":"https:\/\/camp-barinica.com\/cs\/wp-json\/wp\/v2\/pages\/1969\/revisions\/2409"}],"wp:attachment":[{"href":"https:\/\/camp-barinica.com\/cs\/wp-json\/wp\/v2\/media?parent=1969"}],"curies":[{"name":"wp","href":"https:\/\/api.w.org\/{rel}","templated":true}]}}