{"id":1955,"date":"2024-04-11T08:19:22","date_gmt":"2024-04-11T08:19:22","guid":{"rendered":"https:\/\/camp-barinica.com\/apartments-contact\/"},"modified":"2026-02-24T12:33:41","modified_gmt":"2026-02-24T12:33:41","slug":"apartmany-kontakt","status":"publish","type":"page","link":"https:\/\/camp-barinica.com\/cs\/apartmany-robert\/apartmany-kontakt\/","title":{"rendered":"Apartm\u00e1ny Kontakt"},"content":{"rendered":"","protected":false},"excerpt":{"rendered":"","protected":false},"author":1,"featured_media":0,"parent":2028,"menu_order":0,"comment_status":"closed","ping_status":"closed","template":"","meta":{"_acf_changed":false,"slim_seo":{"title":"Kontakt & Rezervace - Apartm\u00e1ny Robert - Primo\u0161ten Bilo","description":"Kontaktujte n\u00e1s a rezervujte si svou vysn\u011bnou dovolenou v Camp Barinica, Primo\u0161ten. Budeme V\u00e1s kontaktovat, jakmile to bude mo\u017en\u00e9.","facebook_image":"https:\/\/camp-barinica.com\/wp-content\/uploads\/apartments-robert-fb.jpg"}},"class_list":["post-1955","page","type-page","status-publish","hentry"],"acf":[],"_links":{"self":[{"href":"https:\/\/camp-barinica.com\/cs\/wp-json\/wp\/v2\/pages\/1955","targetHints":{"allow":["GET"]}}],"collection":[{"href":"https:\/\/camp-barinica.com\/cs\/wp-json\/wp\/v2\/pages"}],"about":[{"href":"https:\/\/camp-barinica.com\/cs\/wp-json\/wp\/v2\/types\/page"}],"author":[{"embeddable":true,"href":"https:\/\/camp-barinica.com\/cs\/wp-json\/wp\/v2\/users\/1"}],"replies":[{"embeddable":true,"href":"https:\/\/camp-barinica.com\/cs\/wp-json\/wp\/v2\/comments?post=1955"}],"version-history":[{"count":9,"href":"https:\/\/camp-barinica.com\/cs\/wp-json\/wp\/v2\/pages\/1955\/revisions"}],"predecessor-version":[{"id":2429,"href":"https:\/\/camp-barinica.com\/cs\/wp-json\/wp\/v2\/pages\/1955\/revisions\/2429"}],"up":[{"embeddable":true,"href":"https:\/\/camp-barinica.com\/cs\/wp-json\/wp\/v2\/pages\/2028"}],"wp:attachment":[{"href":"https:\/\/camp-barinica.com\/cs\/wp-json\/wp\/v2\/media?parent=1955"}],"curies":[{"name":"wp","href":"https:\/\/api.w.org\/{rel}","templated":true}]}}