{"id":1949,"date":"2024-03-18T17:03:12","date_gmt":"2024-03-18T17:03:12","guid":{"rendered":"https:\/\/camp-barinica.com\/contact\/"},"modified":"2026-02-24T12:29:44","modified_gmt":"2026-02-24T12:29:44","slug":"kontakt","status":"publish","type":"page","link":"https:\/\/camp-barinica.com\/cs\/kontakt\/","title":{"rendered":"Kontakt"},"content":{"rendered":"","protected":false},"excerpt":{"rendered":"","protected":false},"author":1,"featured_media":0,"parent":0,"menu_order":0,"comment_status":"closed","ping_status":"closed","template":"","meta":{"_acf_changed":false,"slim_seo":{"title":"Kontakt & Rezervace - Camp Barinica - Primo\u0161ten","description":"Zavolejte n\u00e1m. Napi\u0161te n\u00e1m. Kontaktujte n\u00e1s a rezervujte si svou vysn\u011bnou dovolenou v Camp Barinica, Primo\u0161ten. Budeme V\u00e1s kontaktovat, jakmile to bude mo\u017en\u00e9.","facebook_image":"https:\/\/camp-barinica.com\/wp-content\/uploads\/camp-barinica-fb.jpg"}},"class_list":["post-1949","page","type-page","status-publish","hentry"],"acf":[],"_links":{"self":[{"href":"https:\/\/camp-barinica.com\/cs\/wp-json\/wp\/v2\/pages\/1949","targetHints":{"allow":["GET"]}}],"collection":[{"href":"https:\/\/camp-barinica.com\/cs\/wp-json\/wp\/v2\/pages"}],"about":[{"href":"https:\/\/camp-barinica.com\/cs\/wp-json\/wp\/v2\/types\/page"}],"author":[{"embeddable":true,"href":"https:\/\/camp-barinica.com\/cs\/wp-json\/wp\/v2\/users\/1"}],"replies":[{"embeddable":true,"href":"https:\/\/camp-barinica.com\/cs\/wp-json\/wp\/v2\/comments?post=1949"}],"version-history":[{"count":8,"href":"https:\/\/camp-barinica.com\/cs\/wp-json\/wp\/v2\/pages\/1949\/revisions"}],"predecessor-version":[{"id":2425,"href":"https:\/\/camp-barinica.com\/cs\/wp-json\/wp\/v2\/pages\/1949\/revisions\/2425"}],"wp:attachment":[{"href":"https:\/\/camp-barinica.com\/cs\/wp-json\/wp\/v2\/media?parent=1949"}],"curies":[{"name":"wp","href":"https:\/\/api.w.org\/{rel}","templated":true}]}}